{"id":33,"date":"2026-02-27T00:10:34","date_gmt":"2026-02-27T00:10:34","guid":{"rendered":"http:\/\/0vc.35f.mytemp.website\/?page_id=33"},"modified":"2026-03-03T00:58:25","modified_gmt":"2026-03-03T00:58:25","slug":"sobre-nosotros","status":"publish","type":"page","link":"https:\/\/gestarconsultores.com\/en\/sobre-nosotros\/","title":{"rendered":"Sobre Nosotros"},"content":{"rendered":"<div class=\"wp-block-group alignfull is-layout-flow wp-container-core-group-is-layout-f9cb6abc wp-block-group-is-layout-flow\" style=\"margin-top:0;margin-bottom:0\">\n<div class=\"wp-block-columns alignfull is-style-section-2 is-layout-flex wp-container-core-columns-is-layout-d9884270 wp-block-columns-is-layout-flex is-style-section-2--1\" style=\"padding-top:0;padding-bottom:0\">\n<div class=\"wp-block-column is-layout-flow wp-block-column-is-layout-flow\" style=\"flex-basis:50%\">\n<div class=\"wp-block-group has-text-color has-background has-link-color wp-elements-7f5717927bb813e33afab6b8d55e7994 is-vertical is-content-justification-stretch is-layout-flex wp-container-core-group-is-layout-098fff0a wp-block-group-is-layout-flex\" style=\"color:#2e2e2e;background-color:#f4f6f8;min-height:33vh;padding-top:var(--wp--preset--spacing--50);padding-right:var(--wp--preset--spacing--50);padding-bottom:var(--wp--preset--spacing--50);padding-left:var(--wp--preset--spacing--50)\">\n<p><strong>Gestar Consultores<\/strong> se dedica a transformar el potencial en \u00e9xito a trav\u00e9s de consultor\u00edas personalizadas y efectivas. Nuestro enfoque moderno y profesional nos permite ofrecer soluciones adaptadas a cada cliente, garantizando mejoras significativas en el desempe\u00f1o empresarial.<\/p>\n\n\n\n<p><strong>Misi\u00f3n:<\/strong> Asesorar a empresas y emprendedores para optimizar sus procesos y asegurar el cumplimiento normativo, promoviendo el crecimiento y la sostenibilidad en Panam\u00e1.<\/p>\n\n\n\n<p><strong>Visi\u00f3n:<\/strong> Ser la consultora l\u00edder en eficiencia organizacional y cumplimiento empresarial en Panam\u00e1, reconocida por nuestra innovaci\u00f3n y compromiso con la excelencia.<\/p>\n\n\n\n<p><strong>Valores: <\/strong>Integridad, Innovaci\u00f3n, Compromiso, Excelencia, Colaboraci\u00f3n.<\/p>\n\n\n\n<div style=\"height:0px\" aria-hidden=\"true\" class=\"wp-block-spacer wp-container-content-6388d5dc\"><\/div>\n\n\n\n<h2 class=\"wp-block-heading has-xx-large-font-size\">Gestar Consultores<\/h2>\n<\/div>\n<\/div>\n\n\n\n<div class=\"wp-block-column has-background is-layout-flow wp-block-column-is-layout-flow\" style=\"background-color:#f4f6f8;flex-basis:50%\">\n<div class=\"wp-block-cover wp-duotone-midnight-filter\"><img loading=\"lazy\" decoding=\"async\" width=\"1024\" height=\"683\" class=\"wp-block-cover__image-background wp-image-181 size-large\" alt=\"\" src=\"http:\/\/gestarconsultores.com\/wp-content\/uploads\/2026\/03\/ChatGPT-Image-1-mar-2026-12_30_06-1024x683.png\" data-object-fit=\"cover\" srcset=\"https:\/\/gestarconsultores.com\/wp-content\/uploads\/2026\/03\/ChatGPT-Image-1-mar-2026-12_30_06-1024x683.png 1024w, https:\/\/gestarconsultores.com\/wp-content\/uploads\/2026\/03\/ChatGPT-Image-1-mar-2026-12_30_06-300x200.png 300w, https:\/\/gestarconsultores.com\/wp-content\/uploads\/2026\/03\/ChatGPT-Image-1-mar-2026-12_30_06-768x512.png 768w, https:\/\/gestarconsultores.com\/wp-content\/uploads\/2026\/03\/ChatGPT-Image-1-mar-2026-12_30_06.png 1536w\" sizes=\"auto, (max-width: 1024px) 100vw, 1024px\" \/><span aria-hidden=\"true\" class=\"wp-block-cover__background has-background-dim-0 has-background-dim\" style=\"background-color:#676c87\"><\/span><div class=\"wp-block-cover__inner-container is-layout-flow wp-block-cover-is-layout-flow\">\n<div style=\"height:var(--wp--preset--spacing--20)\" aria-hidden=\"true\" class=\"wp-block-spacer\"><\/div>\n<\/div><\/div>\n<\/div>\n<\/div>\n<\/div>","protected":false},"excerpt":{"rendered":"<p>Gestar Consultores se dedica a transformar el potencial en \u00e9xito a trav\u00e9s de consultor\u00edas personalizadas y efectivas. Nuestro enfoque moderno y profesional nos permite ofrecer soluciones adaptadas a cada cliente, garantizando mejoras significativas en el desempe\u00f1o empresarial. Misi\u00f3n: Asesorar a empresas y emprendedores para optimizar sus procesos y asegurar el cumplimiento normativo, promoviendo el crecimiento [&hellip;]<\/p>\n","protected":false},"author":1,"featured_media":123,"parent":0,"menu_order":0,"comment_status":"closed","ping_status":"closed","template":"","meta":{"footnotes":""},"class_list":["post-33","page","type-page","status-publish","has-post-thumbnail","hentry"],"_links":{"self":[{"href":"https:\/\/gestarconsultores.com\/en\/wp-json\/wp\/v2\/pages\/33","targetHints":{"allow":["GET"]}}],"collection":[{"href":"https:\/\/gestarconsultores.com\/en\/wp-json\/wp\/v2\/pages"}],"about":[{"href":"https:\/\/gestarconsultores.com\/en\/wp-json\/wp\/v2\/types\/page"}],"author":[{"embeddable":true,"href":"https:\/\/gestarconsultores.com\/en\/wp-json\/wp\/v2\/users\/1"}],"replies":[{"embeddable":true,"href":"https:\/\/gestarconsultores.com\/en\/wp-json\/wp\/v2\/comments?post=33"}],"version-history":[{"count":7,"href":"https:\/\/gestarconsultores.com\/en\/wp-json\/wp\/v2\/pages\/33\/revisions"}],"predecessor-version":[{"id":185,"href":"https:\/\/gestarconsultores.com\/en\/wp-json\/wp\/v2\/pages\/33\/revisions\/185"}],"wp:featuredmedia":[{"embeddable":true,"href":"https:\/\/gestarconsultores.com\/en\/wp-json\/wp\/v2\/media\/123"}],"wp:attachment":[{"href":"https:\/\/gestarconsultores.com\/en\/wp-json\/wp\/v2\/media?parent=33"}],"curies":[{"name":"wp","href":"https:\/\/api.w.org\/{rel}","templated":true}]}}