{"id":6,"date":"2026-02-25T23:55:07","date_gmt":"2026-02-25T23:55:07","guid":{"rendered":"http:\/\/0vc.35f.mytemp.website\/?page_id=6"},"modified":"2026-03-25T12:21:27","modified_gmt":"2026-03-25T12:21:27","slug":"__trashed","status":"publish","type":"page","link":"https:\/\/gestarconsultores.com\/en\/","title":{"rendered":"Inicio"},"content":{"rendered":"<div class=\"wp-block-group alignfull has-base-color has-base-background-color has-text-color has-background has-link-color wp-elements-5f3d5dc149b3c96f9b2a0546c55c0ba9 has-global-padding is-layout-constrained wp-container-core-group-is-layout-0c9c989a wp-block-group-is-layout-constrained\" style=\"min-height:0vh;margin-top:0;margin-bottom:0;padding-top:var(--wp--preset--spacing--70);padding-right:var(--wp--preset--spacing--40);padding-bottom:var(--wp--preset--spacing--70);padding-left:var(--wp--preset--spacing--40)\">\n<div class=\"wp-block-group has-global-padding is-layout-constrained wp-container-core-group-is-layout-346627ba wp-block-group-is-layout-constrained\">\n<p class=\"has-text-align-center has-accent-4-color has-text-color has-link-color wp-elements-4edb054e9e8e5684c56e88857d7ac3f3\">En Gestar Consultores ayudamos a transformar estructuras empresariales en sistemas eficientes, organizados y preparados para escalar. Combinamos estrategia, cumplimiento normativo y automatizaci\u00f3n para que su empresa opere con precisi\u00f3n y seguridad.<\/p>\n\n\n\n\n\n<div class=\"wp-block-buttons is-content-justification-center is-layout-flex wp-container-core-buttons-is-layout-a89b3969 wp-block-buttons-is-layout-flex\">\n\n<\/div>\n<\/div>\n<\/div>\n\n\n\n<div class=\"wp-block-group alignfull is-style-section-1 has-background has-global-padding is-layout-constrained wp-block-group-is-layout-constrained is-style-section-1--1\" style=\"background-color:#f4f6f8;margin-top:0;margin-bottom:0;padding-top:var(--wp--preset--spacing--80);padding-bottom:var(--wp--preset--spacing--80)\">\n<div class=\"wp-block-columns alignwide is-layout-flex wp-container-core-columns-is-layout-66fad18a wp-block-columns-is-layout-flex\">\n<div class=\"wp-block-column is-layout-flow wp-block-column-is-layout-flow\" style=\"padding-right:var(--wp--preset--spacing--50);flex-basis:45%\">\n<figure class=\"wp-block-image size-full wp-duotone-midnight-filter\"><img loading=\"lazy\" decoding=\"async\" width=\"1536\" height=\"1024\" src=\"http:\/\/gestarconsultores.com\/wp-content\/uploads\/2026\/02\/ChatGPT-Image-27-feb-2026-21_04_42.png\" alt=\"\" class=\"wp-image-144\" srcset=\"https:\/\/gestarconsultores.com\/wp-content\/uploads\/2026\/02\/ChatGPT-Image-27-feb-2026-21_04_42.png 1536w, https:\/\/gestarconsultores.com\/wp-content\/uploads\/2026\/02\/ChatGPT-Image-27-feb-2026-21_04_42-300x200.png 300w, https:\/\/gestarconsultores.com\/wp-content\/uploads\/2026\/02\/ChatGPT-Image-27-feb-2026-21_04_42-1024x683.png 1024w, https:\/\/gestarconsultores.com\/wp-content\/uploads\/2026\/02\/ChatGPT-Image-27-feb-2026-21_04_42-768x512.png 768w\" sizes=\"auto, (max-width: 1536px) 100vw, 1536px\" \/><\/figure>\n\n\n\n<div class=\"wp-block-group has-global-padding is-layout-constrained wp-block-group-is-layout-constrained\" style=\"margin-top:-12vw\"><\/div>\n<\/div>\n\n\n\n<div class=\"wp-block-column is-vertically-aligned-center has-background is-layout-flow wp-block-column-is-layout-flow\" style=\"background-color:#f4f6f8;padding-right:0;padding-left:0;flex-basis:50%\">\n<p class=\"has-text-align-center is-style-text-subtitle has-background is-style-text-subtitle--2\" style=\"background-color:#f4f6f8\">Beneficios<\/p>\n\n\n\n<p class=\"has-text-color has-background has-link-color wp-elements-5f610eadc191d1a85091117ab48d0daf\" style=\"color:#2e2e2e;background-color:#f4f6f8\">\u2714 Optimizaci\u00f3n estructural que mejora la eficiencia organizacional<br>\u2714 Cumplimiento normativo s\u00f3lido que reduce riesgos legales y financieros<br>\u2714 Estrategias empresariales alineadas con oportunidades reales del mercado<br>\u2714 Automatizaci\u00f3n inteligente de procesos operativos<br>\u2714 Mejora continua en entornos empresariales cambiantes<br>\u2714 Consultor\u00eda personalizada orientada a resultados medibles<br>\u2714 Enfoque pr\u00e1ctico con conocimiento profundo del mercado paname\u00f1o.<\/p>\n<\/div>\n<\/div>\n<\/div>\n\n\n\n<div class=\"wp-block-group alignfull has-background has-global-padding is-layout-constrained wp-container-core-group-is-layout-ebee8dc1 wp-block-group-is-layout-constrained\" style=\"background-color:#252f4b;margin-top:0;margin-bottom:0;padding-top:var(--wp--preset--spacing--50);padding-bottom:var(--wp--preset--spacing--50)\">\n<h2 class=\"wp-block-heading alignwide has-text-color has-link-color wp-elements-a28fcd6164ebe5c3102894e44fbe671f\" style=\"color:#e5e7eb\">Nuestros servicios<\/h2>\n\n\n\n<div class=\"wp-block-columns alignwide is-layout-flex wp-container-core-columns-is-layout-28f84493 wp-block-columns-is-layout-flex\">\n<div class=\"wp-block-column is-layout-flow wp-block-column-is-layout-flow\">\n<figure class=\"wp-block-image size-full wp-duotone-midnight-filter\" style=\"margin-bottom:24px\"><img loading=\"lazy\" decoding=\"async\" width=\"1536\" height=\"1024\" src=\"http:\/\/gestarconsultores.com\/wp-content\/uploads\/2026\/03\/ChatGPT-Image-28-feb-2026-20_36_33.png\" alt=\"\" class=\"wp-image-168\" style=\"aspect-ratio:4\/3;object-fit:cover\" srcset=\"https:\/\/gestarconsultores.com\/wp-content\/uploads\/2026\/03\/ChatGPT-Image-28-feb-2026-20_36_33.png 1536w, https:\/\/gestarconsultores.com\/wp-content\/uploads\/2026\/03\/ChatGPT-Image-28-feb-2026-20_36_33-300x200.png 300w, https:\/\/gestarconsultores.com\/wp-content\/uploads\/2026\/03\/ChatGPT-Image-28-feb-2026-20_36_33-1024x683.png 1024w, https:\/\/gestarconsultores.com\/wp-content\/uploads\/2026\/03\/ChatGPT-Image-28-feb-2026-20_36_33-768x512.png 768w\" sizes=\"auto, (max-width: 1536px) 100vw, 1536px\" \/><\/figure>\n\n\n\n<h3 class=\"wp-block-heading has-text-color has-link-color wp-elements-ae6a055e5aa0fb9da28599351b8e729d\" style=\"color:#e5e7eb\">Servicios Contables<\/h3>\n\n\n\n<p class=\"has-medium-font-size\">Brindamos gesti\u00f3n contable integral orientada al orden financiero, cumplimiento tributario y toma de decisiones estrat\u00e9gicas. Nuestro enfoque combina rigurosidad t\u00e9cnica con visi\u00f3n empresarial para ofrecer informaci\u00f3n clara y confiable que fortalezca la estabilidad de su empresa.<\/p>\n\n\n\n<figure class=\"wp-block-image size-large wp-duotone-midnight-filter\"><img loading=\"lazy\" decoding=\"async\" width=\"1024\" height=\"683\" src=\"http:\/\/gestarconsultores.com\/wp-content\/uploads\/2026\/03\/ChatGPT-Image-28-feb-2026-20_21_01-1-1024x683.png\" alt=\"\" class=\"wp-image-163\" srcset=\"https:\/\/gestarconsultores.com\/wp-content\/uploads\/2026\/03\/ChatGPT-Image-28-feb-2026-20_21_01-1-1024x683.png 1024w, https:\/\/gestarconsultores.com\/wp-content\/uploads\/2026\/03\/ChatGPT-Image-28-feb-2026-20_21_01-1-300x200.png 300w, https:\/\/gestarconsultores.com\/wp-content\/uploads\/2026\/03\/ChatGPT-Image-28-feb-2026-20_21_01-1-768x512.png 768w, https:\/\/gestarconsultores.com\/wp-content\/uploads\/2026\/03\/ChatGPT-Image-28-feb-2026-20_21_01-1.png 1536w\" sizes=\"auto, (max-width: 1024px) 100vw, 1024px\" \/><\/figure>\n\n\n\n<h3 class=\"wp-block-heading has-text-color has-link-color wp-elements-997dc4b6edc4d68bff30a866562b5ad4\" style=\"color:#e5e7eb\">Eficiencia Operativa<\/h3>\n\n\n\n<p class=\"has-medium-font-size\">Integramos tecnolog\u00eda y estrategia para fortalecer la funci\u00f3n contable y fiscal de su empresa. Evaluamos sistemas, flujos de informaci\u00f3n y estructuras digitales para garantizar cumplimiento normativo, trazabilidad y eficiencia en la gesti\u00f3n financiera.<\/p>\n<\/div>\n\n\n\n<div class=\"wp-block-column is-layout-flow wp-block-column-is-layout-flow\">\n<figure class=\"wp-block-image size-full wp-duotone-midnight-filter\" style=\"margin-bottom:24px\"><img loading=\"lazy\" decoding=\"async\" width=\"1536\" height=\"1024\" src=\"http:\/\/gestarconsultores.com\/wp-content\/uploads\/2026\/03\/ChatGPT-Image-28-feb-2026-20_34_47.png\" alt=\"\" class=\"wp-image-167\" style=\"aspect-ratio:4\/3;object-fit:cover\" srcset=\"https:\/\/gestarconsultores.com\/wp-content\/uploads\/2026\/03\/ChatGPT-Image-28-feb-2026-20_34_47.png 1536w, https:\/\/gestarconsultores.com\/wp-content\/uploads\/2026\/03\/ChatGPT-Image-28-feb-2026-20_34_47-300x200.png 300w, https:\/\/gestarconsultores.com\/wp-content\/uploads\/2026\/03\/ChatGPT-Image-28-feb-2026-20_34_47-1024x683.png 1024w, https:\/\/gestarconsultores.com\/wp-content\/uploads\/2026\/03\/ChatGPT-Image-28-feb-2026-20_34_47-768x512.png 768w\" sizes=\"auto, (max-width: 1536px) 100vw, 1536px\" \/><\/figure>\n\n\n\n<h3 class=\"wp-block-heading has-text-color has-link-color wp-elements-a37719932ccfd9fb9b95cea473aa181e\" style=\"color:#e5e7eb\">Precios de Transferencia<\/h3>\n\n\n\n<p class=\"has-medium-font-size\">Ofrecemos asesor\u00eda especializada en estudios y documentaci\u00f3n de Precios de Transferencia conforme a la normativa paname\u00f1a e internacional. Analizamos riesgos fiscales y estructuramos soporte t\u00e9cnico s\u00f3lido que protege la posici\u00f3n tributaria de su empresa.<\/p>\n\n\n\n<figure class=\"wp-block-image size-large wp-duotone-midnight-filter\"><img loading=\"lazy\" decoding=\"async\" width=\"1024\" height=\"683\" src=\"http:\/\/gestarconsultores.com\/wp-content\/uploads\/2026\/03\/ChatGPT-Image-28-feb-2026-20_27_38-1024x683.png\" alt=\"\" class=\"wp-image-165\" srcset=\"https:\/\/gestarconsultores.com\/wp-content\/uploads\/2026\/03\/ChatGPT-Image-28-feb-2026-20_27_38-1024x683.png 1024w, https:\/\/gestarconsultores.com\/wp-content\/uploads\/2026\/03\/ChatGPT-Image-28-feb-2026-20_27_38-300x200.png 300w, https:\/\/gestarconsultores.com\/wp-content\/uploads\/2026\/03\/ChatGPT-Image-28-feb-2026-20_27_38-768x512.png 768w, https:\/\/gestarconsultores.com\/wp-content\/uploads\/2026\/03\/ChatGPT-Image-28-feb-2026-20_27_38.png 1536w\" sizes=\"auto, (max-width: 1024px) 100vw, 1024px\" \/><\/figure>\n\n\n\n<h3 class=\"wp-block-heading has-text-color has-link-color wp-elements-b2ada7c0af62da2d3dc9fd59017cb9c4\" style=\"color:#e5e7eb\">Eficiencia operativa y Automatizaci\u00f3n Empresarial<\/h3>\n\n\n\n<p class=\"has-medium-font-size\">Optimizamos procesos. Dise\u00f1amos estructuras operativas que permiten mayor productividad y crecimiento sostenible.<\/p>\n\n\n\n<p class=\"has-medium-font-size\">Implementamos soluciones tecnol\u00f3gicas que digitalizan y automatizan tareas repetitivas.<br><\/p>\n<\/div>\n\n\n\n<div class=\"wp-block-column is-layout-flow wp-block-column-is-layout-flow\">\n<figure class=\"wp-block-image size-full wp-duotone-midnight-filter\" style=\"margin-bottom:24px\"><img loading=\"lazy\" decoding=\"async\" width=\"1536\" height=\"1024\" src=\"http:\/\/gestarconsultores.com\/wp-content\/uploads\/2026\/03\/ChatGPT-Image-28-feb-2026-20_32_17.png\" alt=\"\" class=\"wp-image-166\" style=\"aspect-ratio:4\/3;object-fit:cover\" srcset=\"https:\/\/gestarconsultores.com\/wp-content\/uploads\/2026\/03\/ChatGPT-Image-28-feb-2026-20_32_17.png 1536w, https:\/\/gestarconsultores.com\/wp-content\/uploads\/2026\/03\/ChatGPT-Image-28-feb-2026-20_32_17-300x200.png 300w, https:\/\/gestarconsultores.com\/wp-content\/uploads\/2026\/03\/ChatGPT-Image-28-feb-2026-20_32_17-1024x683.png 1024w, https:\/\/gestarconsultores.com\/wp-content\/uploads\/2026\/03\/ChatGPT-Image-28-feb-2026-20_32_17-768x512.png 768w\" sizes=\"auto, (max-width: 1536px) 100vw, 1536px\" \/><\/figure>\n\n\n\n<h3 class=\"wp-block-heading has-text-color has-link-color wp-elements-e12abafe94ecc57eb120965b40f71f2c\" style=\"color:#e5e7eb\">Cumplimiento Normativo<\/h3>\n\n\n\n<p class=\"has-medium-font-size\">Estructuramos y monitoreamos obligaciones corporativas y regulatorias para reducir contingencias legales y fiscales. Implementamos controles y pol\u00edticas que garantizan operaciones seguras y alineadas al marco normativo vigente.<\/p>\n\n\n\n<figure class=\"wp-block-image size-large wp-duotone-midnight-filter\"><img loading=\"lazy\" decoding=\"async\" width=\"1024\" height=\"683\" src=\"http:\/\/gestarconsultores.com\/wp-content\/uploads\/2026\/03\/ChatGPT-Image-28-feb-2026-20_25_48-1024x683.png\" alt=\"\" class=\"wp-image-164\" srcset=\"https:\/\/gestarconsultores.com\/wp-content\/uploads\/2026\/03\/ChatGPT-Image-28-feb-2026-20_25_48-1024x683.png 1024w, https:\/\/gestarconsultores.com\/wp-content\/uploads\/2026\/03\/ChatGPT-Image-28-feb-2026-20_25_48-300x200.png 300w, https:\/\/gestarconsultores.com\/wp-content\/uploads\/2026\/03\/ChatGPT-Image-28-feb-2026-20_25_48-768x512.png 768w, https:\/\/gestarconsultores.com\/wp-content\/uploads\/2026\/03\/ChatGPT-Image-28-feb-2026-20_25_48.png 1536w\" sizes=\"auto, (max-width: 1024px) 100vw, 1024px\" \/><\/figure>\n\n\n\n<h3 class=\"wp-block-heading has-text-color has-link-color wp-elements-05ab59cfafc28b07798850e400fb8662\" style=\"color:#e5e7eb\">Asesor\u00eda Empresarial Estrat\u00e9gica<\/h3>\n\n\n\n<p class=\"has-medium-font-size\">Acompa\u00f1amos a empresarios y directivos en la estructuraci\u00f3n de decisiones estrat\u00e9gicas, evaluaci\u00f3n financiera de proyectos y planificaci\u00f3n de crecimiento. Integramos an\u00e1lisis t\u00e9cnico con visi\u00f3n de largo plazo para fortalecer la direcci\u00f3n empresarial.<\/p>\n<\/div>\n<\/div>\n<\/div>\n\n\n\n<aside class=\"wp-block-group alignfull is-style-section-3 has-text-color has-background has-link-color wp-elements-7ce6be592456762433b006cc66215b04 has-global-padding is-layout-constrained wp-container-core-group-is-layout-f0f2a97b wp-block-group-is-layout-constrained is-style-section-3--3\" style=\"color:#2e2e2e;background-color:#f4f6f8;margin-top:0;margin-bottom:0;padding-top:var(--wp--preset--spacing--50);padding-right:var(--wp--preset--spacing--50);padding-bottom:var(--wp--preset--spacing--50);padding-left:var(--wp--preset--spacing--50)\">\n<div class=\"wp-block-group has-text-color has-link-color wp-elements-45052bebb84e5721ad1350f8fd4b6ba1 is-vertical is-content-justification-center is-layout-flex wp-container-core-group-is-layout-8778ca4a wp-block-group-is-layout-flex\" style=\"color:#2e2e2e;min-height:360px;margin-top:0;margin-bottom:0\">\n<h2 class=\"wp-block-heading has-text-align-center has-text-color has-link-color has-xx-large-font-size wp-elements-ca49f1fc726cf7f24fa0398b288bdf45\" style=\"color:#252f4b\">Asesor\u00eda Estrat\u00e9gica para Empresas en Seguimiento<\/h2>\n\n\n\n<div style=\"height:0px\" aria-hidden=\"true\" class=\"wp-block-spacer wp-container-content-62aae154\"><\/div>\n\n\n\n<div class=\"wp-block-buttons is-content-justification-center is-layout-flex wp-container-core-buttons-is-layout-a89b3969 wp-block-buttons-is-layout-flex\">\n<div class=\"wp-block-button\"><a class=\"wp-block-button__link has-text-color has-background has-link-color has-text-align-center wp-element-button\" style=\"color:#e5e7eb;background-color:#0e2b44\">hablar con un consultor<\/a><\/div>\n<\/div>\n\n\n\n<ul class=\"wp-block-social-links is-layout-flex wp-block-social-links-is-layout-flex\">\n\n<li class=\"wp-social-link wp-social-link-mail  wp-block-social-link\"><a href=\"mailto:&#105;n&#102;o&#064;&#103;&#101;s&#116;a&#114;c&#111;&#110;su&#108;t&#111;&#114;&#101;s.c&#111;m\" class=\"wp-block-social-link-anchor\"><svg width=\"24\" height=\"24\" viewbox=\"0 0 24 24\" version=\"1.1\" xmlns=\"http:\/\/www.w3.org\/2000\/svg\" aria-hidden=\"true\" focusable=\"false\"><path d=\"M19,5H5c-1.1,0-2,.9-2,2v10c0,1.1.9,2,2,2h14c1.1,0,2-.9,2-2V7c0-1.1-.9-2-2-2zm.5,12c0,.3-.2.5-.5.5H5c-.3,0-.5-.2-.5-.5V9.8l7.5,5.6,7.5-5.6V17zm0-9.1L12,13.6,4.5,7.9V7c0-.3.2-.5.5-.5h14c.3,0,.5.2.5.5v.9z\"><\/path><\/svg><span class=\"wp-block-social-link-label screen-reader-text\">Mail<\/span><\/a><\/li><\/ul>\n<\/div>\n<\/aside>","protected":false},"excerpt":{"rendered":"<p>En Gestar Consultores ayudamos a transformar estructuras empresariales en sistemas eficientes, organizados y preparados para escalar. Combinamos estrategia, cumplimiento normativo y automatizaci\u00f3n para que su empresa opere con precisi\u00f3n y seguridad. Beneficios \u2714 Optimizaci\u00f3n estructural que mejora la eficiencia organizacional\u2714 Cumplimiento normativo s\u00f3lido que reduce riesgos legales y financieros\u2714 Estrategias empresariales alineadas con oportunidades reales [&hellip;]<\/p>\n","protected":false},"author":1,"featured_media":133,"parent":0,"menu_order":0,"comment_status":"closed","ping_status":"closed","template":"","meta":{"footnotes":""},"class_list":["post-6","page","type-page","status-publish","has-post-thumbnail","hentry"],"_links":{"self":[{"href":"https:\/\/gestarconsultores.com\/en\/wp-json\/wp\/v2\/pages\/6","targetHints":{"allow":["GET"]}}],"collection":[{"href":"https:\/\/gestarconsultores.com\/en\/wp-json\/wp\/v2\/pages"}],"about":[{"href":"https:\/\/gestarconsultores.com\/en\/wp-json\/wp\/v2\/types\/page"}],"author":[{"embeddable":true,"href":"https:\/\/gestarconsultores.com\/en\/wp-json\/wp\/v2\/users\/1"}],"replies":[{"embeddable":true,"href":"https:\/\/gestarconsultores.com\/en\/wp-json\/wp\/v2\/comments?post=6"}],"version-history":[{"count":31,"href":"https:\/\/gestarconsultores.com\/en\/wp-json\/wp\/v2\/pages\/6\/revisions"}],"predecessor-version":[{"id":197,"href":"https:\/\/gestarconsultores.com\/en\/wp-json\/wp\/v2\/pages\/6\/revisions\/197"}],"wp:featuredmedia":[{"embeddable":true,"href":"https:\/\/gestarconsultores.com\/en\/wp-json\/wp\/v2\/media\/133"}],"wp:attachment":[{"href":"https:\/\/gestarconsultores.com\/en\/wp-json\/wp\/v2\/media?parent=6"}],"curies":[{"name":"wp","href":"https:\/\/api.w.org\/{rel}","templated":true}]}}