{"id":77,"date":"2026-02-27T00:02:05","date_gmt":"2026-02-27T00:02:05","guid":{"rendered":"http:\/\/0vc.35f.mytemp.website\/?page_id=77"},"modified":"2026-03-03T01:00:14","modified_gmt":"2026-03-03T01:00:14","slug":"preguntas-frecuentes","status":"publish","type":"page","link":"https:\/\/gestarconsultores.com\/en\/preguntas-frecuentes\/","title":{"rendered":"Preguntas frecuentes"},"content":{"rendered":"<div class=\"wp-block-group alignfull is-style-section-5 has-base-background-color has-background has-global-padding is-layout-constrained wp-block-group-is-layout-constrained is-style-section-5--1\" style=\"margin-top:0;margin-bottom:0;padding-top:var(--wp--preset--spacing--50);padding-bottom:var(--wp--preset--spacing--50)\">\n<div class=\"wp-block-columns alignwide is-layout-flex wp-container-core-columns-is-layout-7ee84d44 wp-block-columns-is-layout-flex\">\n<div class=\"wp-block-column is-vertically-aligned-center is-layout-flow wp-block-column-is-layout-flow\" style=\"flex-basis:50%\">\n<h2 class=\"wp-block-heading has-contrast-color has-text-color has-link-color wp-elements-3be0cd8ea8dd08509e3ac23ad27eebae\">FAQ<\/h2>\n\n\n\n<p class=\"has-contrast-color has-text-color has-link-color has-medium-font-size wp-elements-252c432fbabdc5aa6041d5ff225bf5d7\"><strong>\u00bfEn qu\u00e9 consiste la consultor\u00eda empresarial?<\/strong><\/p>\n\n\n\n<p class=\"has-contrast-color has-text-color has-link-color wp-elements-698a87f4cb7a6c158779e614dcc80074\">La consultor\u00eda empresarial consiste en brindar asesoramiento estrat\u00e9gico y operativo para mejorar el rendimiento de su empresa y alcanzar sus objetivos.<\/p>\n\n\n\n<p class=\"has-contrast-color has-text-color has-link-color wp-elements-c5ebfb58c64063fb80389710927db11d\"><strong>\u00bfC\u00f3mo me ayuda el cumplimiento normativo?<\/strong><\/p>\n\n\n\n<p class=\"has-contrast-color has-text-color has-link-color wp-elements-28ba99b292591508471d798ccf84b976\">El cumplimiento normativo asegura que su empresa opere dentro del marco legal, minimizando riesgos legales y financieros.<\/p>\n\n\n\n<p class=\"has-contrast-color has-text-color has-link-color wp-elements-ecc58694049d10a1d1028b3d5c346c95\"><strong>\u00bfQu\u00e9 es la optimizaci\u00f3n de procesos?<\/strong><\/p>\n\n\n\n<p class=\"has-contrast-color has-text-color has-link-color wp-elements-3f5f10060996e7c7d33d1ed238601387\">Es el an\u00e1lisis y mejora de sus procesos internos para aumentar la eficiencia y reducir costos, garantizando alta calidad en todas las operaciones.<\/p>\n\n\n\n<p class=\"has-contrast-color has-text-color has-link-color wp-elements-d29688edd9e413309a1c68c6f5f0cd16\"><strong>\u00bfCu\u00e1les son los beneficios de la automatizaci\u00f3n?<\/strong><\/p>\n\n\n\n<p class=\"has-contrast-color has-text-color has-link-color wp-elements-62777b332b1de6fa644b25833f2f0ed8\">La automatizaci\u00f3n ayuda a reducir tareas repetitivas, liberando recursos que pueden enfocarse en actividades m\u00e1s estrat\u00e9gicas y generando valor para el negocio.<\/p>\n\n\n\n<p class=\"has-contrast-color has-text-color has-link-color wp-elements-7dd23deac33cf95b9196235b755cf666\"><strong>\u00bfC\u00f3mo puedo agenda una consulta con Gestar Consultores?<\/strong><\/p>\n\n\n\n<p class=\"has-contrast-color has-text-color has-link-color has-medium-font-size wp-elements-9848b6bb30efe2f72fe5fe95195acd3b\">Puede agendar una consulta f\u00e1cilmente a trav\u00e9s de nuestro WhatsApp al 50765143637 o enviando un correo a info@gestarconsultores.com.<\/p>\n<\/div>\n\n\n\n<div class=\"wp-block-column is-vertically-aligned-center is-layout-flow wp-block-column-is-layout-flow\" style=\"flex-basis:50%\">\n<figure class=\"wp-block-image size-full wp-duotone-midnight-filter\"><img loading=\"lazy\" decoding=\"async\" width=\"1024\" height=\"1536\" src=\"http:\/\/gestarconsultores.com\/wp-content\/uploads\/2026\/03\/ChatGPT-Image-1-mar-2026-12_46_43.png\" alt=\"\" class=\"wp-image-189\" style=\"aspect-ratio:1;object-fit:cover\" srcset=\"https:\/\/gestarconsultores.com\/wp-content\/uploads\/2026\/03\/ChatGPT-Image-1-mar-2026-12_46_43.png 1024w, https:\/\/gestarconsultores.com\/wp-content\/uploads\/2026\/03\/ChatGPT-Image-1-mar-2026-12_46_43-200x300.png 200w, https:\/\/gestarconsultores.com\/wp-content\/uploads\/2026\/03\/ChatGPT-Image-1-mar-2026-12_46_43-683x1024.png 683w, https:\/\/gestarconsultores.com\/wp-content\/uploads\/2026\/03\/ChatGPT-Image-1-mar-2026-12_46_43-768x1152.png 768w\" sizes=\"auto, (max-width: 1024px) 100vw, 1024px\" \/><\/figure>\n<\/div>\n<\/div>\n<\/div>\n\n\n\n<div class=\"wp-block-group alignfull has-global-padding is-layout-constrained wp-block-group-is-layout-constrained\" style=\"margin-top:0;margin-bottom:0\"><\/div>\n\n\n\n<div class=\"wp-block-group alignfull has-global-padding is-layout-constrained wp-block-group-is-layout-constrained\" style=\"margin-top:0;margin-bottom:0\"><\/div>\n\n\n\n<div class=\"wp-block-group alignfull has-global-padding is-layout-constrained wp-container-core-group-is-layout-08655630 wp-block-group-is-layout-constrained\" style=\"margin-top:0;margin-bottom:0;padding-top:var(--wp--preset--spacing--80);padding-bottom:var(--wp--preset--spacing--80)\">\n<div class=\"wp-block-group alignwide is-layout-flow wp-block-group-is-layout-flow\">\n<p class=\"has-text-align-center is-style-text-display is-style-text-display--2\" style=\"font-style:normal;font-weight:400\">\u00bfTienes preguntas? <br><a href=\"#\" rel=\"nofollow\">No dudes en ponerte en contacto con nosotros.<\/a><\/p>\n\n\n\n<p class=\"has-text-align-center\">+507 6514-3637<\/p>\n\n\n\n<ul class=\"wp-block-social-links aligncenter is-layout-flex wp-block-social-links-is-layout-flex\"><li class=\"wp-social-link wp-social-link-whatsapp  wp-block-social-link\"><a href=\"https:\/\/wa.me\/50765143637\" class=\"wp-block-social-link-anchor\"><svg width=\"24\" height=\"24\" viewbox=\"0 0 24 24\" version=\"1.1\" xmlns=\"http:\/\/www.w3.org\/2000\/svg\" aria-hidden=\"true\" focusable=\"false\"><path d=\"M 12.011719 2 C 6.5057187 2 2.0234844 6.478375 2.0214844 11.984375 C 2.0204844 13.744375 2.4814687 15.462563 3.3554688 16.976562 L 2 22 L 7.2324219 20.763672 C 8.6914219 21.559672 10.333859 21.977516 12.005859 21.978516 L 12.009766 21.978516 C 17.514766 21.978516 21.995047 17.499141 21.998047 11.994141 C 22.000047 9.3251406 20.962172 6.8157344 19.076172 4.9277344 C 17.190172 3.0407344 14.683719 2.001 12.011719 2 z M 12.009766 4 C 14.145766 4.001 16.153109 4.8337969 17.662109 6.3417969 C 19.171109 7.8517969 20.000047 9.8581875 19.998047 11.992188 C 19.996047 16.396187 16.413812 19.978516 12.007812 19.978516 C 10.674812 19.977516 9.3544062 19.642812 8.1914062 19.007812 L 7.5175781 18.640625 L 6.7734375 18.816406 L 4.8046875 19.28125 L 5.2851562 17.496094 L 5.5019531 16.695312 L 5.0878906 15.976562 C 4.3898906 14.768562 4.0204844 13.387375 4.0214844 11.984375 C 4.0234844 7.582375 7.6067656 4 12.009766 4 z M 8.4765625 7.375 C 8.3095625 7.375 8.0395469 7.4375 7.8105469 7.6875 C 7.5815469 7.9365 6.9355469 8.5395781 6.9355469 9.7675781 C 6.9355469 10.995578 7.8300781 12.182609 7.9550781 12.349609 C 8.0790781 12.515609 9.68175 15.115234 12.21875 16.115234 C 14.32675 16.946234 14.754891 16.782234 15.212891 16.740234 C 15.670891 16.699234 16.690438 16.137687 16.898438 15.554688 C 17.106437 14.971687 17.106922 14.470187 17.044922 14.367188 C 16.982922 14.263188 16.816406 14.201172 16.566406 14.076172 C 16.317406 13.951172 15.090328 13.348625 14.861328 13.265625 C 14.632328 13.182625 14.464828 13.140625 14.298828 13.390625 C 14.132828 13.640625 13.655766 14.201187 13.509766 14.367188 C 13.363766 14.534188 13.21875 14.556641 12.96875 14.431641 C 12.71875 14.305641 11.914938 14.041406 10.960938 13.191406 C 10.218937 12.530406 9.7182656 11.714844 9.5722656 11.464844 C 9.4272656 11.215844 9.5585938 11.079078 9.6835938 10.955078 C 9.7955938 10.843078 9.9316406 10.663578 10.056641 10.517578 C 10.180641 10.371578 10.223641 10.267562 10.306641 10.101562 C 10.389641 9.9355625 10.347156 9.7890625 10.285156 9.6640625 C 10.223156 9.5390625 9.737625 8.3065 9.515625 7.8125 C 9.328625 7.3975 9.131125 7.3878594 8.953125 7.3808594 C 8.808125 7.3748594 8.6425625 7.375 8.4765625 7.375 z\"><\/path><\/svg><span class=\"wp-block-social-link-label screen-reader-text\">WhatsApp<\/span><\/a><\/li>\n\n<li class=\"wp-social-link wp-social-link-mail  wp-block-social-link\"><a href=\"mailto:info&#064;g&#101;sta&#114;con&#115;u&#108;&#116;or&#101;&#115;&#046;c&#111;&#109;\" class=\"wp-block-social-link-anchor\"><svg width=\"24\" height=\"24\" viewbox=\"0 0 24 24\" version=\"1.1\" xmlns=\"http:\/\/www.w3.org\/2000\/svg\" aria-hidden=\"true\" focusable=\"false\"><path d=\"M19,5H5c-1.1,0-2,.9-2,2v10c0,1.1.9,2,2,2h14c1.1,0,2-.9,2-2V7c0-1.1-.9-2-2-2zm.5,12c0,.3-.2.5-.5.5H5c-.3,0-.5-.2-.5-.5V9.8l7.5,5.6,7.5-5.6V17zm0-9.1L12,13.6,4.5,7.9V7c0-.3.2-.5.5-.5h14c.3,0,.5.2.5.5v.9z\"><\/path><\/svg><span class=\"wp-block-social-link-label screen-reader-text\">Mail<\/span><\/a><\/li><\/ul>\n<\/div>\n<\/div>","protected":false},"excerpt":{"rendered":"<p>FAQ \u00bfEn qu\u00e9 consiste la consultor\u00eda empresarial? La consultor\u00eda empresarial consiste en brindar asesoramiento estrat\u00e9gico y operativo para mejorar el rendimiento de su empresa y alcanzar sus objetivos. \u00bfC\u00f3mo me ayuda el cumplimiento normativo? El cumplimiento normativo asegura que su empresa opere dentro del marco legal, minimizando riesgos legales y financieros. \u00bfQu\u00e9 es la optimizaci\u00f3n [&hellip;]<\/p>\n","protected":false},"author":1,"featured_media":187,"parent":0,"menu_order":0,"comment_status":"closed","ping_status":"closed","template":"","meta":{"footnotes":""},"class_list":["post-77","page","type-page","status-publish","has-post-thumbnail","hentry"],"_links":{"self":[{"href":"https:\/\/gestarconsultores.com\/en\/wp-json\/wp\/v2\/pages\/77","targetHints":{"allow":["GET"]}}],"collection":[{"href":"https:\/\/gestarconsultores.com\/en\/wp-json\/wp\/v2\/pages"}],"about":[{"href":"https:\/\/gestarconsultores.com\/en\/wp-json\/wp\/v2\/types\/page"}],"author":[{"embeddable":true,"href":"https:\/\/gestarconsultores.com\/en\/wp-json\/wp\/v2\/users\/1"}],"replies":[{"embeddable":true,"href":"https:\/\/gestarconsultores.com\/en\/wp-json\/wp\/v2\/comments?post=77"}],"version-history":[{"count":5,"href":"https:\/\/gestarconsultores.com\/en\/wp-json\/wp\/v2\/pages\/77\/revisions"}],"predecessor-version":[{"id":200,"href":"https:\/\/gestarconsultores.com\/en\/wp-json\/wp\/v2\/pages\/77\/revisions\/200"}],"wp:featuredmedia":[{"embeddable":true,"href":"https:\/\/gestarconsultores.com\/en\/wp-json\/wp\/v2\/media\/187"}],"wp:attachment":[{"href":"https:\/\/gestarconsultores.com\/en\/wp-json\/wp\/v2\/media?parent=77"}],"curies":[{"name":"wp","href":"https:\/\/api.w.org\/{rel}","templated":true}]}}